{"id":3249,"date":"2024-01-19T08:48:05","date_gmt":"2024-01-19T07:48:05","guid":{"rendered":"https:\/\/mmk-mikroskope.de\/produkt\/nikon-mnd54000-focus-drive-for-tripod-p-dsl32-with-mounting-oe-76mm\/"},"modified":"2026-01-20T13:23:10","modified_gmt":"2026-01-20T12:23:10","slug":"nikon-mnd54000-focus-drive-for-tripod-p-dsl32-with-mounting-oe-76mm","status":"publish","type":"product","link":"https:\/\/mmk-mikroskope.de\/en\/produkt\/nikon-mnd54000-focus-drive-for-tripod-p-dsl32-with-mounting-oe-76mm\/","title":{"rendered":"Nikon MND54000 Focus drive for tripod P-DSL32 with mounting \u00d8 76mm"},"content":{"rendered":"<p>Nikon MND54000 Focus drive for tripod P-DSL32 with mounting \u00d8 76mm<\/p>\n","protected":false},"excerpt":{"rendered":"<p>Nikon MND54000 Focus drive for tripod P-DSL32 with mounting \u00d8 76mm<\/p>\n","protected":false},"featured_media":2966,"template":"","meta":[],"product_brand":[],"product_cat":[136],"product_tag":[131],"class_list":{"0":"post-3249","1":"product","2":"type-product","3":"status-publish","4":"has-post-thumbnail","6":"product_cat-demonstration-systems-offers","7":"product_tag-nikon-en","8":"post","9":"ws-product--style-1","11":"first","12":"instock","13":"taxable","14":"shipping-taxable","15":"product-type-simple"},"yoast_head":"<!-- This site is optimized with the Yoast SEO Premium plugin v27.4 (Yoast SEO v27.4) - https:\/\/yoast.com\/product\/yoast-seo-premium-wordpress\/ -->\n<title>Nikon focus drive for \u00d832mm column with \u00d876mm mount<\/title>\n<meta name=\"description\" content=\"Nikon MND54000 Focus drive for tripod P-DSL32 with mounting \u00d8 76mm\" \/>\n<meta name=\"robots\" content=\"index, follow, max-snippet:-1, max-image-preview:large, max-video-preview:-1\" \/>\n<link rel=\"canonical\" href=\"https:\/\/mmk-mikroskope.de\/en\/produkt\/nikon-mnd54000-focus-drive-for-tripod-p-dsl32-with-mounting-oe-76mm\/\" \/>\n<meta property=\"og:locale\" content=\"en_US\" \/>\n<meta property=\"og:type\" content=\"article\" \/>\n<meta property=\"og:title\" content=\"Nikon MND54000 Focus drive for tripod P-DSL32 with mounting \u00d8 76mm\" \/>\n<meta property=\"og:description\" content=\"Nikon MND54000 Focus drive for tripod P-DSL32 with mounting \u00d8 76mm\" \/>\n<meta property=\"og:url\" content=\"https:\/\/mmk-mikroskope.de\/en\/produkt\/nikon-mnd54000-focus-drive-for-tripod-p-dsl32-with-mounting-oe-76mm\/\" \/>\n<meta property=\"og:site_name\" content=\"MMK Mikroskope Shop\" \/>\n<meta property=\"article:modified_time\" content=\"2026-01-20T12:23:10+00:00\" \/>\n<meta property=\"og:image\" content=\"https:\/\/mmk-mikroskope.de\/wp-content\/uploads\/2023\/07\/MMK_19.png\" \/>\n\t<meta property=\"og:image:width\" content=\"1000\" \/>\n\t<meta property=\"og:image:height\" content=\"1000\" \/>\n\t<meta property=\"og:image:type\" content=\"image\/png\" \/>\n<meta name=\"twitter:card\" content=\"summary_large_image\" \/>\n<meta name=\"twitter:label1\" content=\"Price\" \/>\n\t<meta name=\"twitter:data1\" content=\"491,00&nbsp;&euro; net\" \/>\n\t<meta name=\"twitter:label2\" content=\"Availability\" \/>\n\t<meta name=\"twitter:data2\" content=\"In stock\" \/>\n<script type=\"application\/ld+json\" class=\"yoast-schema-graph\">{\"@context\":\"https:\\\/\\\/schema.org\",\"@graph\":[{\"@type\":\"WebPage\",\"@id\":\"https:\\\/\\\/mmk-mikroskope.de\\\/en\\\/produkt\\\/nikon-mnd54000-focus-drive-for-tripod-p-dsl32-with-mounting-oe-76mm\\\/\",\"url\":\"https:\\\/\\\/mmk-mikroskope.de\\\/en\\\/produkt\\\/nikon-mnd54000-focus-drive-for-tripod-p-dsl32-with-mounting-oe-76mm\\\/\",\"name\":\"Nikon focus drive for \u00d832mm column with \u00d876mm mount\",\"isPartOf\":{\"@id\":\"https:\\\/\\\/mmk-mikroskope.de\\\/en\\\/#website\"},\"primaryImageOfPage\":{\"@id\":\"https:\\\/\\\/mmk-mikroskope.de\\\/en\\\/produkt\\\/nikon-mnd54000-focus-drive-for-tripod-p-dsl32-with-mounting-oe-76mm\\\/#primaryimage\"},\"image\":{\"@id\":\"https:\\\/\\\/mmk-mikroskope.de\\\/en\\\/produkt\\\/nikon-mnd54000-focus-drive-for-tripod-p-dsl32-with-mounting-oe-76mm\\\/#primaryimage\"},\"thumbnailUrl\":\"https:\\\/\\\/mmk-mikroskope.de\\\/wp-content\\\/uploads\\\/2023\\\/07\\\/MMK_19.png\",\"datePublished\":\"2024-01-19T07:48:05+00:00\",\"dateModified\":\"2026-01-20T12:23:10+00:00\",\"description\":\"Nikon MND54000 Focus drive for tripod P-DSL32 with mounting \u00d8 76mm\",\"breadcrumb\":{\"@id\":\"https:\\\/\\\/mmk-mikroskope.de\\\/en\\\/produkt\\\/nikon-mnd54000-focus-drive-for-tripod-p-dsl32-with-mounting-oe-76mm\\\/#breadcrumb\"},\"inLanguage\":\"en-US\",\"potentialAction\":[{\"@type\":\"ReadAction\",\"target\":[\"https:\\\/\\\/mmk-mikroskope.de\\\/en\\\/produkt\\\/nikon-mnd54000-focus-drive-for-tripod-p-dsl32-with-mounting-oe-76mm\\\/\"]}]},{\"@type\":\"ImageObject\",\"inLanguage\":\"en-US\",\"@id\":\"https:\\\/\\\/mmk-mikroskope.de\\\/en\\\/produkt\\\/nikon-mnd54000-focus-drive-for-tripod-p-dsl32-with-mounting-oe-76mm\\\/#primaryimage\",\"url\":\"https:\\\/\\\/mmk-mikroskope.de\\\/wp-content\\\/uploads\\\/2023\\\/07\\\/MMK_19.png\",\"contentUrl\":\"https:\\\/\\\/mmk-mikroskope.de\\\/wp-content\\\/uploads\\\/2023\\\/07\\\/MMK_19.png\",\"width\":1000,\"height\":1000,\"caption\":\"Nikon drive C-FMCN\"},{\"@type\":\"BreadcrumbList\",\"@id\":\"https:\\\/\\\/mmk-mikroskope.de\\\/en\\\/produkt\\\/nikon-mnd54000-focus-drive-for-tripod-p-dsl32-with-mounting-oe-76mm\\\/#breadcrumb\",\"itemListElement\":[{\"@type\":\"ListItem\",\"position\":1,\"name\":\"Homepage\",\"item\":\"https:\\\/\\\/mmk-mikroskope.de\\\/en\\\/\"},{\"@type\":\"ListItem\",\"position\":2,\"name\":\"Store\",\"item\":\"https:\\\/\\\/mmk-mikroskope.de\\\/store\\\/\"},{\"@type\":\"ListItem\",\"position\":3,\"name\":\"Nikon MND54000 Focus drive for tripod P-DSL32 with mounting \u00d8 76mm\"}]},{\"@type\":\"WebSite\",\"@id\":\"https:\\\/\\\/mmk-mikroskope.de\\\/en\\\/#website\",\"url\":\"https:\\\/\\\/mmk-mikroskope.de\\\/en\\\/\",\"name\":\"MMK Mikroskope\",\"description\":\"Mikroskope\",\"publisher\":{\"@id\":\"https:\\\/\\\/mmk-mikroskope.de\\\/en\\\/#organization\"},\"alternateName\":\"MMK Mikroskope\",\"potentialAction\":[{\"@type\":\"SearchAction\",\"target\":{\"@type\":\"EntryPoint\",\"urlTemplate\":\"https:\\\/\\\/mmk-mikroskope.de\\\/en\\\/?s={search_term_string}\"},\"query-input\":{\"@type\":\"PropertyValueSpecification\",\"valueRequired\":true,\"valueName\":\"search_term_string\"}}],\"inLanguage\":\"en-US\"},{\"@type\":\"Organization\",\"@id\":\"https:\\\/\\\/mmk-mikroskope.de\\\/en\\\/#organization\",\"name\":\"MMK Mikroskope Shop\",\"url\":\"https:\\\/\\\/mmk-mikroskope.de\\\/en\\\/\",\"logo\":{\"@type\":\"ImageObject\",\"inLanguage\":\"en-US\",\"@id\":\"https:\\\/\\\/mmk-mikroskope.de\\\/en\\\/#\\\/schema\\\/logo\\\/image\\\/\",\"url\":\"https:\\\/\\\/mmk-mikroskope.de\\\/wp-content\\\/uploads\\\/2024\\\/01\\\/Logo_2025_500x500.png\",\"contentUrl\":\"https:\\\/\\\/mmk-mikroskope.de\\\/wp-content\\\/uploads\\\/2024\\\/01\\\/Logo_2025_500x500.png\",\"width\":500,\"height\":500,\"caption\":\"MMK Mikroskope Shop\"},\"image\":{\"@id\":\"https:\\\/\\\/mmk-mikroskope.de\\\/en\\\/#\\\/schema\\\/logo\\\/image\\\/\"}}]}<\/script>\n<meta property=\"product:brand\" content=\"Nikon\" \/>\n<meta property=\"product:price:amount\" content=\"491.00\" \/>\n<meta property=\"product:price:currency\" content=\"EUR\" \/>\n<meta property=\"og:availability\" content=\"instock\" \/>\n<meta property=\"product:availability\" content=\"instock\" \/>\n<meta property=\"product:retailer_item_id\" content=\"MND54000\" \/>\n<meta property=\"product:condition\" content=\"new\" \/>\n<!-- \/ Yoast SEO Premium plugin. -->","yoast_head_json":{"title":"Nikon focus drive for \u00d832mm column with \u00d876mm mount","description":"Nikon MND54000 Focus drive for tripod P-DSL32 with mounting \u00d8 76mm","robots":{"index":"index","follow":"follow","max-snippet":"max-snippet:-1","max-image-preview":"max-image-preview:large","max-video-preview":"max-video-preview:-1"},"canonical":"https:\/\/mmk-mikroskope.de\/en\/produkt\/nikon-mnd54000-focus-drive-for-tripod-p-dsl32-with-mounting-oe-76mm\/","og_locale":"en_US","og_type":"article","og_title":"Nikon MND54000 Focus drive for tripod P-DSL32 with mounting \u00d8 76mm","og_description":"Nikon MND54000 Focus drive for tripod P-DSL32 with mounting \u00d8 76mm","og_url":"https:\/\/mmk-mikroskope.de\/en\/produkt\/nikon-mnd54000-focus-drive-for-tripod-p-dsl32-with-mounting-oe-76mm\/","og_site_name":"MMK Mikroskope Shop","article_modified_time":"2026-01-20T12:23:10+00:00","og_image":[{"width":1000,"height":1000,"url":"https:\/\/mmk-mikroskope.de\/wp-content\/uploads\/2023\/07\/MMK_19.png","type":"image\/png"}],"twitter_card":"summary_large_image","twitter_misc":{"Price":"491,00&nbsp;&euro; net","Availability":"In stock"},"schema":{"@context":"https:\/\/schema.org","@graph":[{"@type":"WebPage","@id":"https:\/\/mmk-mikroskope.de\/en\/produkt\/nikon-mnd54000-focus-drive-for-tripod-p-dsl32-with-mounting-oe-76mm\/","url":"https:\/\/mmk-mikroskope.de\/en\/produkt\/nikon-mnd54000-focus-drive-for-tripod-p-dsl32-with-mounting-oe-76mm\/","name":"Nikon focus drive for \u00d832mm column with \u00d876mm mount","isPartOf":{"@id":"https:\/\/mmk-mikroskope.de\/en\/#website"},"primaryImageOfPage":{"@id":"https:\/\/mmk-mikroskope.de\/en\/produkt\/nikon-mnd54000-focus-drive-for-tripod-p-dsl32-with-mounting-oe-76mm\/#primaryimage"},"image":{"@id":"https:\/\/mmk-mikroskope.de\/en\/produkt\/nikon-mnd54000-focus-drive-for-tripod-p-dsl32-with-mounting-oe-76mm\/#primaryimage"},"thumbnailUrl":"https:\/\/mmk-mikroskope.de\/wp-content\/uploads\/2023\/07\/MMK_19.png","datePublished":"2024-01-19T07:48:05+00:00","dateModified":"2026-01-20T12:23:10+00:00","description":"Nikon MND54000 Focus drive for tripod P-DSL32 with mounting \u00d8 76mm","breadcrumb":{"@id":"https:\/\/mmk-mikroskope.de\/en\/produkt\/nikon-mnd54000-focus-drive-for-tripod-p-dsl32-with-mounting-oe-76mm\/#breadcrumb"},"inLanguage":"en-US","potentialAction":[{"@type":"ReadAction","target":["https:\/\/mmk-mikroskope.de\/en\/produkt\/nikon-mnd54000-focus-drive-for-tripod-p-dsl32-with-mounting-oe-76mm\/"]}]},{"@type":"ImageObject","inLanguage":"en-US","@id":"https:\/\/mmk-mikroskope.de\/en\/produkt\/nikon-mnd54000-focus-drive-for-tripod-p-dsl32-with-mounting-oe-76mm\/#primaryimage","url":"https:\/\/mmk-mikroskope.de\/wp-content\/uploads\/2023\/07\/MMK_19.png","contentUrl":"https:\/\/mmk-mikroskope.de\/wp-content\/uploads\/2023\/07\/MMK_19.png","width":1000,"height":1000,"caption":"Nikon drive C-FMCN"},{"@type":"BreadcrumbList","@id":"https:\/\/mmk-mikroskope.de\/en\/produkt\/nikon-mnd54000-focus-drive-for-tripod-p-dsl32-with-mounting-oe-76mm\/#breadcrumb","itemListElement":[{"@type":"ListItem","position":1,"name":"Homepage","item":"https:\/\/mmk-mikroskope.de\/en\/"},{"@type":"ListItem","position":2,"name":"Store","item":"https:\/\/mmk-mikroskope.de\/store\/"},{"@type":"ListItem","position":3,"name":"Nikon MND54000 Focus drive for tripod P-DSL32 with mounting \u00d8 76mm"}]},{"@type":"WebSite","@id":"https:\/\/mmk-mikroskope.de\/en\/#website","url":"https:\/\/mmk-mikroskope.de\/en\/","name":"MMK Mikroskope","description":"Mikroskope","publisher":{"@id":"https:\/\/mmk-mikroskope.de\/en\/#organization"},"alternateName":"MMK Mikroskope","potentialAction":[{"@type":"SearchAction","target":{"@type":"EntryPoint","urlTemplate":"https:\/\/mmk-mikroskope.de\/en\/?s={search_term_string}"},"query-input":{"@type":"PropertyValueSpecification","valueRequired":true,"valueName":"search_term_string"}}],"inLanguage":"en-US"},{"@type":"Organization","@id":"https:\/\/mmk-mikroskope.de\/en\/#organization","name":"MMK Mikroskope Shop","url":"https:\/\/mmk-mikroskope.de\/en\/","logo":{"@type":"ImageObject","inLanguage":"en-US","@id":"https:\/\/mmk-mikroskope.de\/en\/#\/schema\/logo\/image\/","url":"https:\/\/mmk-mikroskope.de\/wp-content\/uploads\/2024\/01\/Logo_2025_500x500.png","contentUrl":"https:\/\/mmk-mikroskope.de\/wp-content\/uploads\/2024\/01\/Logo_2025_500x500.png","width":500,"height":500,"caption":"MMK Mikroskope Shop"},"image":{"@id":"https:\/\/mmk-mikroskope.de\/en\/#\/schema\/logo\/image\/"}}]},"product_brand":"Nikon","product_price_amount":"491.00","product_price_currency":"EUR","og_availability":"instock","product_availability":"instock","product_retailer_item_id":"MND54000","product_condition":"new"},"_links":{"self":[{"href":"https:\/\/mmk-mikroskope.de\/en\/wp-json\/wp\/v2\/product\/3249","targetHints":{"allow":["GET"]}}],"collection":[{"href":"https:\/\/mmk-mikroskope.de\/en\/wp-json\/wp\/v2\/product"}],"about":[{"href":"https:\/\/mmk-mikroskope.de\/en\/wp-json\/wp\/v2\/types\/product"}],"wp:featuredmedia":[{"embeddable":true,"href":"https:\/\/mmk-mikroskope.de\/en\/wp-json\/wp\/v2\/media\/2966"}],"wp:attachment":[{"href":"https:\/\/mmk-mikroskope.de\/en\/wp-json\/wp\/v2\/media?parent=3249"}],"wp:term":[{"taxonomy":"product_brand","embeddable":true,"href":"https:\/\/mmk-mikroskope.de\/en\/wp-json\/wp\/v2\/product_brand?post=3249"},{"taxonomy":"product_cat","embeddable":true,"href":"https:\/\/mmk-mikroskope.de\/en\/wp-json\/wp\/v2\/product_cat?post=3249"},{"taxonomy":"product_tag","embeddable":true,"href":"https:\/\/mmk-mikroskope.de\/en\/wp-json\/wp\/v2\/product_tag?post=3249"}],"curies":[{"name":"wp","href":"https:\/\/api.w.org\/{rel}","templated":true}]}}